{"id":48,"date":"2023-11-05T20:20:19","date_gmt":"2023-11-05T20:20:19","guid":{"rendered":"https:\/\/megospher.de\/?page_id=48"},"modified":"2025-11-11T10:14:08","modified_gmt":"2025-11-11T10:14:08","slug":"dr-ralf-husstegge","status":"publish","type":"page","link":"https:\/\/megospher.de\/?page_id=48","title":{"rendered":"Dr. Ralf Husstegge"},"content":{"rendered":"\n<p class=\"has-white-color has-dark-background-background-color has-text-color has-background\" style=\"font-size:16px\">Diplom-Psychologe, Supervisor, Teamentwickler, Businesscoach<\/p>\n\n\n\n<p class=\"has-white-color has-dark-background-background-color has-text-color has-background\" style=\"font-size:16px\">Managing Partner der megospher GbR<br><\/p>\n\n\n\n<ul class=\"wp-block-list\">\n<li style=\"font-size:16px\">Gr\u00fcndung und Gesch\u00e4ftsf\u00fchrung der megospher &#8211; Dr. Husstegge &amp; Jander GbR gemeinsam mit Silvia Jander<\/li>\n\n\n\n<li style=\"font-size:16px\">Langj\u00e4hrige Erfahrungen in Coaching-, Supervisions- und Moderationsprozessen, Teamentwicklung<\/li>\n\n\n\n<li style=\"font-size:16px\">Aus- bzw. Weiterbildungen f\u00fcr Businesscoaching (Rauen Coaching GmbH &#8211; Osnabr\u00fcck), klinischer Organisationspsychologie (DPTV &#8211; Berlin), Supervision (IFT &#8211; M\u00fcnchen)<\/li>\n\n\n\n<li style=\"font-size:16px\">Dozent an der FOM Hannover, Hochschule f\u00fcr \u00d6konomie &amp; Management gGmbH<\/li>\n\n\n\n<li style=\"font-size:16px\">Gesch\u00e4ftsf\u00fchrender Partner der Gemeinschaftspraxis Husstegge\/Jander\/Mergelkuhl\/Breustedt<\/li>\n\n\n\n<li style=\"font-size:16px\">Mehrj\u00e4hrige wissenschaftliche T\u00e4tigkeit zu Themen: Selbstmanagement, Volition, Motivation, Lernen<\/li>\n\n\n\n<li style=\"font-size:16px\">Promotionsstudieng\u00e4nge an der Universit\u00e4t Bielefeld und Carl-von-Ossietzky-Universit\u00e4t Oldenburg<\/li>\n\n\n\n<li style=\"font-size:16px\">Studium der Psychologie, Soziologie, Betriebswirtschaft<\/li>\n<\/ul>\n","protected":false},"excerpt":{"rendered":"<p>Diplom-Psychologe, Supervisor, Teamentwickler, Businesscoach Managing Partner der megospher GbR<\/p>\n","protected":false},"author":1,"featured_media":98,"parent":0,"menu_order":0,"comment_status":"closed","ping_status":"closed","template":"","meta":{"footnotes":""},"class_list":["post-48","page","type-page","status-publish","has-post-thumbnail","hentry"],"_links":{"self":[{"href":"https:\/\/megospher.de\/index.php?rest_route=\/wp\/v2\/pages\/48","targetHints":{"allow":["GET"]}}],"collection":[{"href":"https:\/\/megospher.de\/index.php?rest_route=\/wp\/v2\/pages"}],"about":[{"href":"https:\/\/megospher.de\/index.php?rest_route=\/wp\/v2\/types\/page"}],"author":[{"embeddable":true,"href":"https:\/\/megospher.de\/index.php?rest_route=\/wp\/v2\/users\/1"}],"replies":[{"embeddable":true,"href":"https:\/\/megospher.de\/index.php?rest_route=%2Fwp%2Fv2%2Fcomments&post=48"}],"version-history":[{"count":5,"href":"https:\/\/megospher.de\/index.php?rest_route=\/wp\/v2\/pages\/48\/revisions"}],"predecessor-version":[{"id":255,"href":"https:\/\/megospher.de\/index.php?rest_route=\/wp\/v2\/pages\/48\/revisions\/255"}],"wp:featuredmedia":[{"embeddable":true,"href":"https:\/\/megospher.de\/index.php?rest_route=\/wp\/v2\/media\/98"}],"wp:attachment":[{"href":"https:\/\/megospher.de\/index.php?rest_route=%2Fwp%2Fv2%2Fmedia&parent=48"}],"curies":[{"name":"wp","href":"https:\/\/api.w.org\/{rel}","templated":true}]}}