{"id":44,"date":"2023-11-05T19:59:23","date_gmt":"2023-11-05T19:59:23","guid":{"rendered":"https:\/\/megospher.de\/?page_id=44"},"modified":"2024-10-29T15:24:54","modified_gmt":"2024-10-29T15:24:54","slug":"organisationsentwicklung","status":"publish","type":"page","link":"https:\/\/megospher.de\/?page_id=44","title":{"rendered":"Organisationsentwicklung"},"content":{"rendered":"\n<p style=\"font-size:16px\"><strong><em>Prozessoptimierung<\/em><\/strong><br>Unterst\u00fctzung in der Diagnose bestehender Prozesse sowie in der Optimierung deren zielgerichteter Umsetzung.\u00a0<br><\/p>\n\n\n\n<p style=\"font-size:16px\"><strong><em>Lean<\/em><\/strong><em>\u00a0<\/em><strong><em>Managemen<\/em><\/strong>t\u00a0<br>Wir analysieren Prozesse und Abl\u00e4ufe mit dem Ziel, Kundenzufriedenheit zu maximieren und Kosten zu minimieren. Wir begleiten Sie in der nachhaltigen Umsetzung neuer Strategien zur Entwicklung einer Lean-Kultur.<br><\/p>\n\n\n\n<p style=\"font-size:16px\"><strong>(<em>Agiles)<\/em><\/strong><em>\u00a0<\/em><strong><em>Projektmanagement<\/em><\/strong><br>In Agilen Strukturen sind Flexibilit\u00e4t und Anpassungsf\u00e4higkeit eine wichtige Entwicklungsaufgabe, um sich in einem dynamischen Umfeld zurecht zu finden und dadurch das Potential agiler Projekte aussch\u00f6pfen zu k\u00f6nnen. Wir unterst\u00fctzen Sie.\u00a0<\/p>\n","protected":false},"excerpt":{"rendered":"<p>ProzessoptimierungUnterst\u00fctzung in der Diagnose bestehender Prozesse sowie in der Optimierung deren zielgerichteter Umsetzung.\u00a0 Lean\u00a0Management\u00a0Wir analysieren Prozesse und Abl\u00e4ufe mit dem Ziel, Kundenzufriedenheit zu maximieren und Kosten zu minimieren. Wir begleiten Sie in der nachhaltigen Umsetzung neuer Strategien zur Entwicklung einer Lean-Kultur. (Agiles)\u00a0ProjektmanagementIn [&hellip;]<\/p>\n","protected":false},"author":1,"featured_media":68,"parent":0,"menu_order":0,"comment_status":"closed","ping_status":"closed","template":"","meta":{"footnotes":""},"class_list":["post-44","page","type-page","status-publish","has-post-thumbnail","hentry"],"_links":{"self":[{"href":"https:\/\/megospher.de\/index.php?rest_route=\/wp\/v2\/pages\/44","targetHints":{"allow":["GET"]}}],"collection":[{"href":"https:\/\/megospher.de\/index.php?rest_route=\/wp\/v2\/pages"}],"about":[{"href":"https:\/\/megospher.de\/index.php?rest_route=\/wp\/v2\/types\/page"}],"author":[{"embeddable":true,"href":"https:\/\/megospher.de\/index.php?rest_route=\/wp\/v2\/users\/1"}],"replies":[{"embeddable":true,"href":"https:\/\/megospher.de\/index.php?rest_route=%2Fwp%2Fv2%2Fcomments&post=44"}],"version-history":[{"count":2,"href":"https:\/\/megospher.de\/index.php?rest_route=\/wp\/v2\/pages\/44\/revisions"}],"predecessor-version":[{"id":223,"href":"https:\/\/megospher.de\/index.php?rest_route=\/wp\/v2\/pages\/44\/revisions\/223"}],"wp:featuredmedia":[{"embeddable":true,"href":"https:\/\/megospher.de\/index.php?rest_route=\/wp\/v2\/media\/68"}],"wp:attachment":[{"href":"https:\/\/megospher.de\/index.php?rest_route=%2Fwp%2Fv2%2Fmedia&parent=44"}],"curies":[{"name":"wp","href":"https:\/\/api.w.org\/{rel}","templated":true}]}}